{"id":67,"date":"2014-05-21T10:41:07","date_gmt":"2014-05-21T13:41:07","guid":{"rendered":"https:\/\/prograp.ufpr.br\/cepigrad\/?page_id=67"},"modified":"2014-10-29T11:57:47","modified_gmt":"2014-10-29T14:57:47","slug":"napne","status":"publish","type":"page","link":"https:\/\/prograp.ufpr.br\/cepigrad\/napne\/","title":{"rendered":"NAPNE"},"content":{"rendered":"<p><b>N\u00daCLEO DE APOIO \u00c0S PESSOAS COM NECESSIDADES ESPECIAIS<\/b><\/p>\n<p>Inaugurado em 2006, o <b>NAPNE<\/b> oferece alternativas de inclus\u00e3o \u00e0s pessoas com defici\u00eancia f\u00edsico-motora, cegos ou com vis\u00e3o subnormal, surdos ou com res\u00edduos auditivos, dificuldades de aprendizado, condutas t\u00edpicas, s\u00edndromes e altas habilidades\/superdota\u00e7\u00e3o e destinam-se a alunos, professores e servidores da UFPR. Seu p\u00fablico-alvo \u00e9 formado pela comunidade universit\u00e1ria que possua Necessidades Educacionais Especiais (pessoas cegas, com res\u00edduos visuais e ou auditivos, surdos, defici\u00eancia f\u00edsica, m\u00faltipla, transtornos globais do desenvolvimento e alunos com altas habilidades\/superdota\u00e7\u00e3o).<\/p>\n<p>&nbsp;<\/p>\n<p><b>PRINCIPAIS ATIVIDADES DO NAPNE<\/b><\/p>\n<p>&#8211; Levantamento das \u00e1reas no \u00e2mbito da UFPR com problemas de acessibilidade e estudo das poss\u00edveis adapta\u00e7\u00f5es.<\/p>\n<p>&#8211; Localiza\u00e7\u00e3o das pessoas com necessidades especiais nos diversos campi da UFPR.<\/p>\n<p>&#8211; Apoio did\u00e1tico-pedag\u00f3gico aos alunos com NEE e seus professores.<\/p>\n<p>-Articula\u00e7\u00e3o de a\u00e7\u00f5es de ensino, pesquisa e extens\u00e3o na \u00e1rea das necessidades educacionais especiais.<\/p>\n<p>-Trabalho de forma articulada com a comiss\u00e3o de acessibilidade que trata diretamente da adapta\u00e7\u00e3o de espa\u00e7os f\u00edsicos na UFPR.<\/p>\n<p>&#8211; Contato e reuni\u00f5es com as coordena\u00e7\u00f5es de cursos que receber\u00e3o alunos com defici\u00eancia, em seguida da efetiva\u00e7\u00e3o do registro acad\u00eamico, no sentido de orientar sobre as necessidades do aluno.<\/p>\n<p>&#8211; Digitaliza\u00e7\u00e3o e corre\u00e7\u00e3o de materiais impressos para alunos e professor com defici\u00eancia visual.<\/p>\n<p>&#8211; Orienta\u00e7\u00f5es acad\u00eamicas sobre os alunos com Necessidades Educacionais Especiais na UFPR aos professores e t\u00e9cnico-administrativos da UFPR.<\/p>\n<p>&#8211; Organizar, em parceria com o N\u00facleo de Concursos (NC), as bancas de verifica\u00e7\u00e3o dos candidatos ao Vestibular que se inscrevem para as vagas destinadas a pessoas com necessidades especiais, de acordo com a Resolu\u00e7\u00e3o 70\/08 \u2013 COUN, bem como bancas de atendimento especial para o pr\u00f3prio Vestibular e demais concursos.<\/p>\n<p>&nbsp;<\/p>\n<p>E-mail para contato: <a href=\"mailto:napne@ufpr.br\">napne@ufpr.br<\/a><\/p>\n<p>Fones: (41) 3310-2659\/(41) 3310-2698<\/p>\n<p>Endere\u00e7o: Pra\u00e7a Santos Andrade, n\u00ba 50 \u2013 Centro \u2013 Curitiba, PR<\/p>\n","protected":false},"excerpt":{"rendered":"<p>N\u00daCLEO DE APOIO \u00c0S PESSOAS COM NECESSIDADES ESPECIAIS Inaugurado em 2006, o NAPNE oferece alternativas de inclus\u00e3o \u00e0s pessoas com defici\u00eancia f\u00edsico-motora, cegos ou com vis\u00e3o subnormal, surdos ou com res\u00edduos auditivos, dificuldades de aprendizado, condutas t\u00edpicas, s\u00edndromes e altas habilidades\/superdota\u00e7\u00e3o e destinam-se a alunos, professores e servidores da UFPR. Seu p\u00fablico-alvo \u00e9 formado pela [&hellip;]<\/p>\n","protected":false},"author":1,"featured_media":0,"parent":0,"menu_order":0,"comment_status":"open","ping_status":"open","template":"","meta":{"ngg_post_thumbnail":0,"footnotes":""},"class_list":["post-67","page","type-page","status-publish","hentry"],"_links":{"self":[{"href":"https:\/\/prograp.ufpr.br\/cepigrad\/wp-json\/wp\/v2\/pages\/67","targetHints":{"allow":["GET"]}}],"collection":[{"href":"https:\/\/prograp.ufpr.br\/cepigrad\/wp-json\/wp\/v2\/pages"}],"about":[{"href":"https:\/\/prograp.ufpr.br\/cepigrad\/wp-json\/wp\/v2\/types\/page"}],"author":[{"embeddable":true,"href":"https:\/\/prograp.ufpr.br\/cepigrad\/wp-json\/wp\/v2\/users\/1"}],"replies":[{"embeddable":true,"href":"https:\/\/prograp.ufpr.br\/cepigrad\/wp-json\/wp\/v2\/comments?post=67"}],"version-history":[{"count":3,"href":"https:\/\/prograp.ufpr.br\/cepigrad\/wp-json\/wp\/v2\/pages\/67\/revisions"}],"predecessor-version":[{"id":99,"href":"https:\/\/prograp.ufpr.br\/cepigrad\/wp-json\/wp\/v2\/pages\/67\/revisions\/99"}],"wp:attachment":[{"href":"https:\/\/prograp.ufpr.br\/cepigrad\/wp-json\/wp\/v2\/media?parent=67"}],"curies":[{"name":"wp","href":"https:\/\/api.w.org\/{rel}","templated":true}]}}