{"id":189,"date":"2013-10-01T12:24:03","date_gmt":"2013-10-01T12:24:03","guid":{"rendered":"https:\/\/prograp.ufpr.br\/copep\/?page_id=189"},"modified":"2013-10-01T14:09:05","modified_gmt":"2013-10-01T14:09:05","slug":"sept","status":"publish","type":"page","link":"https:\/\/prograp.ufpr.br\/copep\/projetos-pedagogicos\/sept\/","title":{"rendered":"SEPT"},"content":{"rendered":"<h2>Setor de Educa\u00e7\u00e3o Profissional de Tecnol\u00f3gica &#8211;<\/h2>\n<p><a href=\"https:\/\/prograp.ufpr.br\/copep\/projetos-pedagogicos\/sept\/ensino-tecnico\/\" title=\"\u00bb Ensino T\u00e9cnico\" target=\"_blank\">\u00bb Ensino T\u00e9cnico<\/a><br \/>\n<a href=\"https:\/\/prograp.ufpr.br\/copep\/projetos-pedagogicos\/sept\/graduacao\/\" title=\"\u00bb Gradua\u00e7\u00e3o\" target=\"_blank\">\u00bb Gradua\u00e7\u00e3o<\/a><\/p>\n","protected":false},"excerpt":{"rendered":"<p>Setor de Educa\u00e7\u00e3o Profissional de Tecnol\u00f3gica &#8211; \u00bb Ensino T\u00e9cnico \u00bb Gradua\u00e7\u00e3o<\/p>\n","protected":false},"author":17,"featured_media":0,"parent":188,"menu_order":0,"comment_status":"open","ping_status":"closed","template":"","meta":{"ngg_post_thumbnail":0,"footnotes":""},"class_list":["post-189","page","type-page","status-publish","hentry"],"_links":{"self":[{"href":"https:\/\/prograp.ufpr.br\/copep\/wp-json\/wp\/v2\/pages\/189","targetHints":{"allow":["GET"]}}],"collection":[{"href":"https:\/\/prograp.ufpr.br\/copep\/wp-json\/wp\/v2\/pages"}],"about":[{"href":"https:\/\/prograp.ufpr.br\/copep\/wp-json\/wp\/v2\/types\/page"}],"author":[{"embeddable":true,"href":"https:\/\/prograp.ufpr.br\/copep\/wp-json\/wp\/v2\/users\/17"}],"replies":[{"embeddable":true,"href":"https:\/\/prograp.ufpr.br\/copep\/wp-json\/wp\/v2\/comments?post=189"}],"version-history":[{"count":14,"href":"https:\/\/prograp.ufpr.br\/copep\/wp-json\/wp\/v2\/pages\/189\/revisions"}],"predecessor-version":[{"id":287,"href":"https:\/\/prograp.ufpr.br\/copep\/wp-json\/wp\/v2\/pages\/189\/revisions\/287"}],"up":[{"embeddable":true,"href":"https:\/\/prograp.ufpr.br\/copep\/wp-json\/wp\/v2\/pages\/188"}],"wp:attachment":[{"href":"https:\/\/prograp.ufpr.br\/copep\/wp-json\/wp\/v2\/media?parent=189"}],"curies":[{"name":"wp","href":"https:\/\/api.w.org\/{rel}","templated":true}]}}