{"id":19,"date":"2013-09-03T17:31:16","date_gmt":"2013-09-03T17:31:16","guid":{"rendered":"https:\/\/prograp.ufpr.br\/copep\/?page_id=19"},"modified":"2015-04-13T16:43:18","modified_gmt":"2015-04-13T16:43:18","slug":"orientacao-curricular","status":"publish","type":"page","link":"https:\/\/prograp.ufpr.br\/copep\/orientacao-curricular\/","title":{"rendered":"Orienta\u00e7\u00e3o Curricular"},"content":{"rendered":"<p>A orienta\u00e7\u00e3o dos curr\u00edculos dos cursos de Gradua\u00e7\u00e3o da UFPR, vinculada \u00e0 Coordena\u00e7\u00e3o de Pol\u00edticas de Ensino de Gradua\u00e7\u00e3o \u2013 COPEG e \u00e0 Coordena\u00e7\u00e3o de Pol\u00edticas de Educa\u00e7\u00e3o Profissional \u2013 COPEP, tem atua\u00e7\u00e3o direta com as Coordena\u00e7\u00f5es de Curso, mediante atendimento pessoal, telef\u00f4nico, eletr\u00f4nico e deslocamentos agendados para participar de reuni\u00f5es com Colegiados e Comiss\u00f5es de curso. Suas principais a\u00e7\u00f5es consistem em: orienta\u00e7\u00e3o e assessoramento para elabora\u00e7\u00e3o do Projeto Pedag\u00f3gico de Curso, reformula\u00e7\u00e3o, ajuste e adi\u00e7\u00e3o curricular; e an\u00e1lises e subs\u00eddios para pareceres e encaminhamentos aos \u00f3rg\u00e3os colegiados superiores dos processos de curr\u00edculo e de abertura de vagas para os processos seletivos dos cursos.<\/p>\n<h3><\/h3>\n<h3><strong>Arquivos <\/strong><\/h3>\n<p>Disponibilizamos os Roteiros e Modelos de orienta\u00e7\u00e3o para os processos de Implanta\u00e7\u00e3o, Reformula\u00e7\u00e3o, Ajuste e Adi\u00e7\u00e3o Curricular para Cursos de Bacharelado, Licenciatura e Superior de Tecnologia:<\/p>\n<p><strong>Implanta\u00e7\u00e3o de novo curr\u00edculo:<\/strong><\/p>\n<p>&#8211; Roteiro: <a href=\"https:\/\/prograp.ufpr.br\/copeg\/wp-content\/uploads\/sites\/3\/2014\/11\/Componentes-PPC-implantacao.docx\">Componentes-PPC-implantacao<\/a><\/p>\n<p>&#8211; Modelo: <a href=\"https:\/\/prograp.ufpr.br\/copeg\/wp-content\/uploads\/sites\/3\/2014\/11\/Modelo-PPC-Implantacao.docx\">Modelo-PPC-Implantacao<\/a><\/p>\n<p>&nbsp;<\/p>\n<p><strong>Reformula\u00e7\u00e3o de curr\u00edculo<\/strong>:<\/p>\n<p>&#8211; Roteiro: <a href=\"https:\/\/prograp.ufpr.br\/copeg\/wp-content\/uploads\/sites\/3\/2014\/11\/Componentes-PPC-reformulacao.docx\">Componentes-PPC-reformulacao<\/a><\/p>\n<p>&#8211; Modelo: <a href=\"https:\/\/prograp.ufpr.br\/copeg\/wp-content\/uploads\/sites\/3\/2014\/11\/Modelo-PPC-reformulacao.docx\">Modelo-PPC-reformulacao<\/a><\/p>\n<p>&nbsp;<\/p>\n<p><strong>Ajuste curricular:<\/strong><\/p>\n<p>&#8211; Roteiro do <a href=\"https:\/\/prograp.ufpr.br\/copeg\/wp-content\/uploads\/sites\/3\/2014\/11\/AjusteCurricular.docx\">AjusteCurricular<\/a><\/p>\n<p>&nbsp;<\/p>\n<p><strong>Adi\u00e7\u00e3o curricular:<\/strong><\/p>\n<p>&#8211; Roteiro da <a href=\"https:\/\/prograp.ufpr.br\/copeg\/wp-content\/uploads\/sites\/3\/2014\/12\/AdicaoCurricular.docx\">AdicaoCurricular<\/a><\/p>\n<p>&nbsp;<\/p>\n<p><strong>Seguem os documentos indicados nos roteiros:  <\/strong><\/p>\n<p><a href=\"https:\/\/prograp.ufpr.br\/copeg\/wp-content\/uploads\/sites\/3\/2015\/04\/minuta-RESOLUCAO-CURRICULO-v13abr2015A.doc\">minuta-RESOLUCAO-CURRICULO<\/a><\/p>\n<p><a href=\"https:\/\/prograp.ufpr.br\/copeg\/wp-content\/uploads\/sites\/3\/2015\/04\/FICHA1-v13abril2015.docx\">FICHA1<\/a><\/p>\n<p><a href=\"https:\/\/prograp.ufpr.br\/copeg\/wp-content\/uploads\/sites\/3\/2015\/04\/FICHA2-v13abril2015.docx\">FICHA2<\/a><\/p>\n<p><a href=\"https:\/\/prograp.ufpr.br\/copeg\/wp-content\/uploads\/sites\/3\/2014\/11\/PlanoAdaptacaoCurricular-exemplo.docx\">PlanoAdaptacaoCurricular-exemplo<\/a><\/p>\n<p>&nbsp;<\/p>\n<h3><strong>Prazos<\/strong><\/h3>\n<p>Para o correto tr\u00e2mite dos processos e procedimentos, a Orienta\u00e7\u00e3o Curricular segue os prazos constantes no calend\u00e1rio acad\u00eamico estabelecido pelo CEPE, cujo cumprimento \u00e9 essencial por parte das Coordena\u00e7\u00f5es de Curso e Departamentos para o tr\u00e2mite de processos. Desse modo:<\/p>\n<p><strong>Implanta\u00e7\u00e3o<\/strong> de curso\/ curr\u00edculo novo: at\u00e9 outubro de cada ano para vig\u00eancia a partir do ano seguinte \u00e0 aprova\u00e7\u00e3o do Quadro do Processo Seletivo. Por exemplo: envio do processo de Implanta\u00e7\u00e3o para a COPEG \u2013 at\u00e9 outubro de 2015, aprova\u00e7\u00e3o do Quadro do Processo Seletivo \u2013 julho de 2016, previs\u00e3o de in\u00edcio do novo curso (se aprovado) \u2013 2017.<\/p>\n<p>Altera\u00e7\u00f5es no <strong>Quadro do Processo Seletivo<\/strong> (vagas, turnos, denomina\u00e7\u00f5es, dura\u00e7\u00e3o) \u2013 at\u00e9 maio de cada ano.<\/p>\n<p><strong>Reformula\u00e7\u00e3o<\/strong> curricular \u2013 at\u00e9 maio de cada ano com previs\u00e3o de in\u00edcio no ano letivo seguinte.<\/p>\n<p><strong>Ajuste<\/strong> curricular \u2013 at\u00e9 dois meses antes da abertura de turmas previstas para o semestre\/ ano.<\/p>\n<p>&nbsp;<\/p>\n<h3><strong>Equipe e contatos<\/strong><\/h3>\n<p>Coordenadora: Prof\u00aa Msc. Maria L\u00facia Accioly Teixeira Pinto<\/p>\n<p>Madlaine C\u00e9lia de Lima &#8211; <a href=\"mailto:madlaine@ufpr.br\">madlaine@ufpr.br<\/a><\/p>\n<p>Marcia Regina Nogochale Boneti &#8211; <a href=\"mailto:marciaboneti@ufpr.br\">marciaboneti@ufpr.br<\/a><\/p>\n<p>Anna Jungbluth \u2013 <a href=\"mailto:annaj@ufpr.br\">annaj@ufpr.br<\/a><\/p>\n<p>Vanuza Teixeira \u2013 <a href=\"mailto:vanuza@ufpr.br\">vanuza@ufpr.br<\/a><\/p>\n<p>55 41 3310-2658<\/p>\n","protected":false},"excerpt":{"rendered":"<p>A orienta\u00e7\u00e3o dos curr\u00edculos dos cursos de Gradua\u00e7\u00e3o da UFPR, vinculada \u00e0 Coordena\u00e7\u00e3o de Pol\u00edticas de Ensino de Gradua\u00e7\u00e3o \u2013 COPEG e \u00e0 Coordena\u00e7\u00e3o de Pol\u00edticas de Educa\u00e7\u00e3o Profissional \u2013 COPEP, tem atua\u00e7\u00e3o direta com as Coordena\u00e7\u00f5es de Curso, mediante atendimento pessoal, telef\u00f4nico, eletr\u00f4nico e deslocamentos agendados para participar de reuni\u00f5es com Colegiados e Comiss\u00f5es [&hellip;]<\/p>\n","protected":false},"author":17,"featured_media":0,"parent":0,"menu_order":0,"comment_status":"open","ping_status":"open","template":"","meta":{"ngg_post_thumbnail":0,"footnotes":""},"class_list":["post-19","page","type-page","status-publish","hentry"],"_links":{"self":[{"href":"https:\/\/prograp.ufpr.br\/copep\/wp-json\/wp\/v2\/pages\/19","targetHints":{"allow":["GET"]}}],"collection":[{"href":"https:\/\/prograp.ufpr.br\/copep\/wp-json\/wp\/v2\/pages"}],"about":[{"href":"https:\/\/prograp.ufpr.br\/copep\/wp-json\/wp\/v2\/types\/page"}],"author":[{"embeddable":true,"href":"https:\/\/prograp.ufpr.br\/copep\/wp-json\/wp\/v2\/users\/17"}],"replies":[{"embeddable":true,"href":"https:\/\/prograp.ufpr.br\/copep\/wp-json\/wp\/v2\/comments?post=19"}],"version-history":[{"count":16,"href":"https:\/\/prograp.ufpr.br\/copep\/wp-json\/wp\/v2\/pages\/19\/revisions"}],"predecessor-version":[{"id":378,"href":"https:\/\/prograp.ufpr.br\/copep\/wp-json\/wp\/v2\/pages\/19\/revisions\/378"}],"wp:attachment":[{"href":"https:\/\/prograp.ufpr.br\/copep\/wp-json\/wp\/v2\/media?parent=19"}],"curies":[{"name":"wp","href":"https:\/\/api.w.org\/{rel}","templated":true}]}}