{"id":191,"date":"2013-10-01T12:24:31","date_gmt":"2013-10-01T12:24:31","guid":{"rendered":"https:\/\/prograp.ufpr.br\/copep\/?page_id=191"},"modified":"2014-10-31T11:27:28","modified_gmt":"2014-10-31T11:27:28","slug":"ufpr-litoral","status":"publish","type":"page","link":"https:\/\/prograp.ufpr.br\/copep\/projetos-pedagogicos\/ufpr-litoral\/","title":{"rendered":"UFPR Litoral"},"content":{"rendered":"<ul>\n<li><a title=\"Projeto Pedag\u00f3gico\" href=\"http:\/\/www.litoral.ufpr.br\/sites\/default\/files\/Processo%20-%20%20Agro.pdf\">Projeto Pedag\u00f3gico<\/a> do curso superior de Tecnologia em Agroecologia<\/li>\n<li><a title=\"Projeto Pedag\u00f3gico\" href=\"http:\/\/www.litoral.ufpr.br\/sites\/default\/files\/Processo%20Gest%C3%A3o%20Imobili%C3%A1ria_0.pdf\">Projeto Pedag\u00f3gico<\/a> do curso superior de Tecnologia em Gest\u00e3o Imobili\u00e1ria<\/li>\n<li><a title=\"Projeto Pedag\u00f3gico\" href=\"http:\/\/www.litoral.ufpr.br\/sites\/default\/files\/Processo%20Gest%C3%A3o%20de%20Turismo_0.pdf\">Projeto Pedag\u00f3gico<\/a> do curso superior de Tecnologia em Gest\u00e3o do Turismo<\/li>\n<li><a title=\"Projeto Pedag\u00f3gico\" href=\"http:\/\/www.litoral.ufpr.br\/sites\/default\/files\/Processo%20Orienta%C3%A7%C3%A3o%20Comunit%C3%A1ria_0.pdf\">Projeto Pedag\u00f3gico<\/a> do curso superior de Tecnologia em Orienta\u00e7\u00e3o Comunit\u00e1ria<\/li>\n<\/ul>\n","protected":false},"excerpt":{"rendered":"<p>Projeto Pedag\u00f3gico do curso superior de Tecnologia em Agroecologia Projeto Pedag\u00f3gico do curso superior de Tecnologia em Gest\u00e3o Imobili\u00e1ria Projeto Pedag\u00f3gico do curso superior de Tecnologia em Gest\u00e3o do Turismo Projeto Pedag\u00f3gico do curso superior de Tecnologia em Orienta\u00e7\u00e3o Comunit\u00e1ria<\/p>\n","protected":false},"author":17,"featured_media":0,"parent":188,"menu_order":0,"comment_status":"open","ping_status":"closed","template":"","meta":{"ngg_post_thumbnail":0,"footnotes":""},"class_list":["post-191","page","type-page","status-publish","hentry"],"_links":{"self":[{"href":"https:\/\/prograp.ufpr.br\/copep\/wp-json\/wp\/v2\/pages\/191","targetHints":{"allow":["GET"]}}],"collection":[{"href":"https:\/\/prograp.ufpr.br\/copep\/wp-json\/wp\/v2\/pages"}],"about":[{"href":"https:\/\/prograp.ufpr.br\/copep\/wp-json\/wp\/v2\/types\/page"}],"author":[{"embeddable":true,"href":"https:\/\/prograp.ufpr.br\/copep\/wp-json\/wp\/v2\/users\/17"}],"replies":[{"embeddable":true,"href":"https:\/\/prograp.ufpr.br\/copep\/wp-json\/wp\/v2\/comments?post=191"}],"version-history":[{"count":6,"href":"https:\/\/prograp.ufpr.br\/copep\/wp-json\/wp\/v2\/pages\/191\/revisions"}],"predecessor-version":[{"id":359,"href":"https:\/\/prograp.ufpr.br\/copep\/wp-json\/wp\/v2\/pages\/191\/revisions\/359"}],"up":[{"embeddable":true,"href":"https:\/\/prograp.ufpr.br\/copep\/wp-json\/wp\/v2\/pages\/188"}],"wp:attachment":[{"href":"https:\/\/prograp.ufpr.br\/copep\/wp-json\/wp\/v2\/media?parent=191"}],"curies":[{"name":"wp","href":"https:\/\/api.w.org\/{rel}","templated":true}]}}