{"id":193,"date":"2013-10-01T12:24:44","date_gmt":"2013-10-01T12:24:44","guid":{"rendered":"https:\/\/prograp.ufpr.br\/copep\/?page_id=193"},"modified":"2014-10-31T11:31:26","modified_gmt":"2014-10-31T11:31:26","slug":"ufpr-palotina","status":"publish","type":"page","link":"https:\/\/prograp.ufpr.br\/copep\/projetos-pedagogicos\/ufpr-palotina\/","title":{"rendered":"UFPR Palotina"},"content":{"rendered":"<ul>\n<li><a title=\"Projeto Pedag\u00f3gico\" href=\"http:\/\/www.campuspalotina.ufpr.br\/sites\/default\/files\/5\/PPC%20-%20Biocombust%C3%ADveis%202012.pdf\">Projeto Pedag\u00f3gico<\/a> do curso superior de Tecnologia em Biocombust\u00edveis<\/li>\n<li><em>Projeto Pedag\u00f3gico do curso superior de Tecnologia em Biotecnologia &#8211; Em breve<br \/>\n<\/em><\/li>\n<\/ul>\n","protected":false},"excerpt":{"rendered":"<p>Projeto Pedag\u00f3gico do curso superior de Tecnologia em Biocombust\u00edveis Projeto Pedag\u00f3gico do curso superior de Tecnologia em Biotecnologia &#8211; Em breve<\/p>\n","protected":false},"author":17,"featured_media":0,"parent":188,"menu_order":0,"comment_status":"open","ping_status":"closed","template":"","meta":{"ngg_post_thumbnail":0,"footnotes":""},"class_list":["post-193","page","type-page","status-publish","hentry"],"_links":{"self":[{"href":"https:\/\/prograp.ufpr.br\/copep\/wp-json\/wp\/v2\/pages\/193","targetHints":{"allow":["GET"]}}],"collection":[{"href":"https:\/\/prograp.ufpr.br\/copep\/wp-json\/wp\/v2\/pages"}],"about":[{"href":"https:\/\/prograp.ufpr.br\/copep\/wp-json\/wp\/v2\/types\/page"}],"author":[{"embeddable":true,"href":"https:\/\/prograp.ufpr.br\/copep\/wp-json\/wp\/v2\/users\/17"}],"replies":[{"embeddable":true,"href":"https:\/\/prograp.ufpr.br\/copep\/wp-json\/wp\/v2\/comments?post=193"}],"version-history":[{"count":6,"href":"https:\/\/prograp.ufpr.br\/copep\/wp-json\/wp\/v2\/pages\/193\/revisions"}],"predecessor-version":[{"id":373,"href":"https:\/\/prograp.ufpr.br\/copep\/wp-json\/wp\/v2\/pages\/193\/revisions\/373"}],"up":[{"embeddable":true,"href":"https:\/\/prograp.ufpr.br\/copep\/wp-json\/wp\/v2\/pages\/188"}],"wp:attachment":[{"href":"https:\/\/prograp.ufpr.br\/copep\/wp-json\/wp\/v2\/media?parent=193"}],"curies":[{"name":"wp","href":"https:\/\/api.w.org\/{rel}","templated":true}]}}