{"id":213,"date":"2013-10-01T12:35:37","date_gmt":"2013-10-01T12:35:37","guid":{"rendered":"https:\/\/prograp.ufpr.br\/copep\/?page_id=213"},"modified":"2014-10-31T11:30:06","modified_gmt":"2014-10-31T11:30:06","slug":"ensino-tecnico","status":"publish","type":"page","link":"https:\/\/prograp.ufpr.br\/copep\/projetos-pedagogicos\/sept\/ensino-tecnico\/","title":{"rendered":"Ensino T\u00e9cnico"},"content":{"rendered":"<ul>\n<li><a title=\"Projeto Pedag\u00f3gico\" href=\"http:\/\/www.sept.ufpr.br\/wa_files\/PPP_20-_20CT_20em_20Agente_20Comunit_C3_A1rio_20da_20Sa_C3_BAde.pdf\">Projeto Pedag\u00f3gico<\/a> do curso t\u00e9cnico em Agente Comunit\u00e1rio de Sa\u00fade<\/li>\n<li><a title=\"Projeto Pedag\u00f3gico\" href=\"http:\/\/www.sept.ufpr.br\/wa_files\/PPP_20-_20CT_20em_20Petroleo_20e_20G_C3_A1s.pdf\">Projeto Pedag\u00f3gico<\/a> do curso t\u00e9cnico em Petr\u00f3leo e G\u00e1s integrado ao Ensino M\u00e9dio<\/li>\n<\/ul>\n","protected":false},"excerpt":{"rendered":"<p>Projeto Pedag\u00f3gico do curso t\u00e9cnico em Agente Comunit\u00e1rio de Sa\u00fade Projeto Pedag\u00f3gico do curso t\u00e9cnico em Petr\u00f3leo e G\u00e1s integrado ao Ensino M\u00e9dio<\/p>\n","protected":false},"author":17,"featured_media":0,"parent":189,"menu_order":0,"comment_status":"open","ping_status":"closed","template":"","meta":{"ngg_post_thumbnail":0,"footnotes":""},"class_list":["post-213","page","type-page","status-publish","hentry"],"_links":{"self":[{"href":"https:\/\/prograp.ufpr.br\/copep\/wp-json\/wp\/v2\/pages\/213","targetHints":{"allow":["GET"]}}],"collection":[{"href":"https:\/\/prograp.ufpr.br\/copep\/wp-json\/wp\/v2\/pages"}],"about":[{"href":"https:\/\/prograp.ufpr.br\/copep\/wp-json\/wp\/v2\/types\/page"}],"author":[{"embeddable":true,"href":"https:\/\/prograp.ufpr.br\/copep\/wp-json\/wp\/v2\/users\/17"}],"replies":[{"embeddable":true,"href":"https:\/\/prograp.ufpr.br\/copep\/wp-json\/wp\/v2\/comments?post=213"}],"version-history":[{"count":6,"href":"https:\/\/prograp.ufpr.br\/copep\/wp-json\/wp\/v2\/pages\/213\/revisions"}],"predecessor-version":[{"id":371,"href":"https:\/\/prograp.ufpr.br\/copep\/wp-json\/wp\/v2\/pages\/213\/revisions\/371"}],"up":[{"embeddable":true,"href":"https:\/\/prograp.ufpr.br\/copep\/wp-json\/wp\/v2\/pages\/189"}],"wp:attachment":[{"href":"https:\/\/prograp.ufpr.br\/copep\/wp-json\/wp\/v2\/media?parent=213"}],"curies":[{"name":"wp","href":"https:\/\/api.w.org\/{rel}","templated":true}]}}