{"id":228,"date":"2013-10-01T12:40:44","date_gmt":"2013-10-01T12:40:44","guid":{"rendered":"https:\/\/prograp.ufpr.br\/copep\/?page_id=228"},"modified":"2013-10-01T13:48:15","modified_gmt":"2013-10-01T13:48:15","slug":"contato-2","status":"publish","type":"page","link":"https:\/\/prograp.ufpr.br\/copep\/contato-2\/","title":{"rendered":"Contato"},"content":{"rendered":"<p>Universidade Federal do Paran\u00e1<br \/>\nPROGRAD \u2013 Pr\u00f3-Reitoria de Gradua\u00e7\u00e3o e Educa\u00e7\u00e3o Profissional<br \/>\nCoordena\u00e7\u00e3o de Pol\u00edticas de Educa\u00e7\u00e3o Profissional<br \/>\nPra\u00e7a Santos Andrade n\u00ba 50 \u2013 Centro<br \/>\nCEP 80.020-300<br \/>\nCuritiba \u2013 PR \u2013 Brasil<br \/>\nTel.: (41) 3310-2655<br \/>\nCel.: (41) 8844-4938<br \/>\nE-mail: copep@ufpr.br<br \/>\n<a href=\"https:\/\/prograp.ufpr.br\/copep\/\" title=\"prograp.ufpr.br\/copep\/\" target=\"_blank\">prograp.ufpr.br\/copep\/<\/a><\/p>\n","protected":false},"excerpt":{"rendered":"<p>Universidade Federal do Paran\u00e1 PROGRAD \u2013 Pr\u00f3-Reitoria de Gradua\u00e7\u00e3o e Educa\u00e7\u00e3o Profissional Coordena\u00e7\u00e3o de Pol\u00edticas de Educa\u00e7\u00e3o Profissional Pra\u00e7a Santos Andrade n\u00ba 50 \u2013 Centro CEP 80.020-300 Curitiba \u2013 PR \u2013 Brasil Tel.: (41) 3310-2655 Cel.: (41) 8844-4938 E-mail: copep@ufpr.br prograp.ufpr.br\/copep\/<\/p>\n","protected":false},"author":17,"featured_media":0,"parent":0,"menu_order":0,"comment_status":"open","ping_status":"open","template":"","meta":{"ngg_post_thumbnail":0,"footnotes":""},"class_list":["post-228","page","type-page","status-publish","hentry"],"_links":{"self":[{"href":"https:\/\/prograp.ufpr.br\/copep\/wp-json\/wp\/v2\/pages\/228","targetHints":{"allow":["GET"]}}],"collection":[{"href":"https:\/\/prograp.ufpr.br\/copep\/wp-json\/wp\/v2\/pages"}],"about":[{"href":"https:\/\/prograp.ufpr.br\/copep\/wp-json\/wp\/v2\/types\/page"}],"author":[{"embeddable":true,"href":"https:\/\/prograp.ufpr.br\/copep\/wp-json\/wp\/v2\/users\/17"}],"replies":[{"embeddable":true,"href":"https:\/\/prograp.ufpr.br\/copep\/wp-json\/wp\/v2\/comments?post=228"}],"version-history":[{"count":8,"href":"https:\/\/prograp.ufpr.br\/copep\/wp-json\/wp\/v2\/pages\/228\/revisions"}],"predecessor-version":[{"id":253,"href":"https:\/\/prograp.ufpr.br\/copep\/wp-json\/wp\/v2\/pages\/228\/revisions\/253"}],"wp:attachment":[{"href":"https:\/\/prograp.ufpr.br\/copep\/wp-json\/wp\/v2\/media?parent=228"}],"curies":[{"name":"wp","href":"https:\/\/api.w.org\/{rel}","templated":true}]}}