{"id":5,"date":"2013-08-16T20:21:54","date_gmt":"2013-08-16T20:21:54","guid":{"rendered":"https:\/\/prograp.ufpr.br\/copep\/?page_id=5"},"modified":"2013-10-01T13:52:23","modified_gmt":"2013-10-01T13:52:23","slug":"copep","status":"publish","type":"page","link":"https:\/\/prograp.ufpr.br\/copep\/","title":{"rendered":"COPEP"},"content":{"rendered":"<p><span style=\"line-height: 1.714285714;font-size: 1rem\">A Coordena\u00e7\u00e3o de Pol\u00edticas de Educa\u00e7\u00e3o Profissional &#8211; COPEP, formula e implementa a pol\u00edtica de educa\u00e7\u00e3o profissional; articula interfaces na produ\u00e7\u00e3o do conhecimento entre os diversos n\u00edveis de ensino profissional; estimula a cria\u00e7\u00e3o e\/ou consolida\u00e7\u00e3o de linhas de pesquisa e projetos de extens\u00e3o para a educa\u00e7\u00e3o profissional em conson\u00e2ncia com os projetos pol\u00edtico-pedag\u00f3gicos.<\/span><\/p>\n<h5><span style=\"font-size: 1rem;line-height: 1.714285714\">Coordenadora: Profa. MSc. Dione Maria Menz<\/span><\/h5>\n<h5><span style=\"line-height: 1.714285714;font-size: 1rem\">\u00a0<\/span><\/h5>\n","protected":false},"excerpt":{"rendered":"<p>A Coordena\u00e7\u00e3o de Pol\u00edticas de Educa\u00e7\u00e3o Profissional &#8211; COPEP, formula e implementa a pol\u00edtica de educa\u00e7\u00e3o profissional; articula interfaces na produ\u00e7\u00e3o do conhecimento entre os diversos n\u00edveis de ensino profissional; estimula a cria\u00e7\u00e3o e\/ou consolida\u00e7\u00e3o de linhas de pesquisa e projetos de extens\u00e3o para a educa\u00e7\u00e3o profissional em conson\u00e2ncia com os projetos pol\u00edtico-pedag\u00f3gicos. Coordenadora: Profa. [&hellip;]<\/p>\n","protected":false},"author":17,"featured_media":0,"parent":0,"menu_order":0,"comment_status":"open","ping_status":"open","template":"","meta":{"ngg_post_thumbnail":0,"footnotes":""},"class_list":["post-5","page","type-page","status-publish","hentry"],"_links":{"self":[{"href":"https:\/\/prograp.ufpr.br\/copep\/wp-json\/wp\/v2\/pages\/5","targetHints":{"allow":["GET"]}}],"collection":[{"href":"https:\/\/prograp.ufpr.br\/copep\/wp-json\/wp\/v2\/pages"}],"about":[{"href":"https:\/\/prograp.ufpr.br\/copep\/wp-json\/wp\/v2\/types\/page"}],"author":[{"embeddable":true,"href":"https:\/\/prograp.ufpr.br\/copep\/wp-json\/wp\/v2\/users\/17"}],"replies":[{"embeddable":true,"href":"https:\/\/prograp.ufpr.br\/copep\/wp-json\/wp\/v2\/comments?post=5"}],"version-history":[{"count":16,"href":"https:\/\/prograp.ufpr.br\/copep\/wp-json\/wp\/v2\/pages\/5\/revisions"}],"predecessor-version":[{"id":7,"href":"https:\/\/prograp.ufpr.br\/copep\/wp-json\/wp\/v2\/pages\/5\/revisions\/7"}],"wp:attachment":[{"href":"https:\/\/prograp.ufpr.br\/copep\/wp-json\/wp\/v2\/media?parent=5"}],"curies":[{"name":"wp","href":"https:\/\/api.w.org\/{rel}","templated":true}]}}