{"id":81,"date":"2018-07-09T17:49:05","date_gmt":"2018-07-09T17:49:05","guid":{"rendered":"https:\/\/prograp.ufpr.br\/fnaes\/?page_id=81"},"modified":"2018-07-09T18:18:37","modified_gmt":"2018-07-09T18:18:37","slug":"sugestoes-de-restaurantes","status":"publish","type":"page","link":"https:\/\/prograp.ufpr.br\/fnaes\/sugestoes-de-restaurantes\/","title":{"rendered":"SUGEST\u00d5ES DE RESTAURANTES"},"content":{"rendered":"<p><strong>RESTAURANTES PR\u00d3XIMOS AO CAMPUS AGR\u00c1RIAS \u2013 UFPR<\/strong><\/p>\n<p><strong>Osteria Donna Lena<\/strong><br \/>\nEndere\u00e7o: R. Recife, 220 \u2013 Cabral.<br \/>\n(41) 3022-5392<br \/>\nRestaurante Spich<br \/>\nEndere\u00e7o: Av. Munhoz da Rocha, 934 \u2013 Juvev\u00ea.<br \/>\n(41) 3018-1501<\/p>\n<p><strong>Apetitoy<\/strong><br \/>\nEndere\u00e7o: R. Recife, 545 \u2013 Cabral.<br \/>\n(41) 3250-8132<\/p>\n<p><strong>Mangiare Felice<\/strong><br \/>\nEndere\u00e7o: R. Rocha Pombo, 397 \u2013 Juvev\u00ea.<br \/>\n(41) 3252-8866<\/p>\n<p><strong>Carmela Gastronomia<\/strong><br \/>\nEndere\u00e7o: R. Cam\u00f5es, 1779 \u2013 Cabral.<br \/>\n(41) 3352-0160<\/p>\n<p><strong>Cabral Express<\/strong><br \/>\nEndere\u00e7o: R. Bom Jesus, 985 \u2013 Cabral.<br \/>\n(41) 3076-3484<\/p>\n<p><strong>Spring<\/strong><br \/>\nEndere\u00e7o: R. Euz\u00e9bio da Mota, 647 \u2013 Juvev\u00ea.<br \/>\n(41) 3359-4603<\/p>\n<p><strong>Garbbo<\/strong><br \/>\nEndere\u00e7o: R. Bar\u00e3o de Guara\u00fana, 586 \u2013 Juvev\u00ea.<br \/>\n(41) 3039-3100<\/p>\n<p><strong>Madero Steak House<\/strong><br \/>\nEndere\u00e7o: R. Av. Munhoz da Rocha, 580 \u2013 Cabral.<br \/>\n(41) 3069-1808<\/p>\n<p><strong>Au-Au<\/strong><br \/>\nEndere\u00e7o: Av. Munhoz da Rocha, 770 \u2013 Cabral.<br \/>\n(41) 3092-9367<\/p>\n<p><strong>La Casa Di Frango<\/strong><br \/>\nEndere\u00e7o: Av. Munhoz da Rocha, 1012 \u2013 Cabral.<br \/>\n(41) 3014-6661<\/p>\n<p><strong>Costel\u00e3o Bacacheri<\/strong><br \/>\nEndere\u00e7o: Av. Pref. Erasto Gaertner, 26 \u2013 Bacacheri.<br \/>\n(41) 3356-0665<\/p>\n<p><strong>Subway<\/strong><br \/>\nEndere\u00e7o: Av. Munhoz da Rocha, 827 \u2013 Cabral.<br \/>\n(41) 3013-5343<\/p>\n<p><strong>Pizza Hut<\/strong><br \/>\nEndere\u00e7o: Av. Munhoz da Rocha,1019 \u2013 Cabral.<br \/>\n(41) 3015-8882<\/p>\n<p><strong>Babil\u00f4nia<\/strong><br \/>\nEndere\u00e7o: Av. Munhoz, 1059 \u2013 Cabral.<br \/>\n(41) 3077-3336<\/p>\n<p><strong>Leliban<\/strong><br \/>\nEndere\u00e7o: R. Augusto Stresser, 1570 \u2013 Hugo Lange.<br \/>\n(41) 3026-5554<\/p>\n<p><strong>Tuk Tuk<\/strong><br \/>\nEndere\u00e7o: R. Cam\u00f5es, 1888 \u2013 Hugo Lange.<br \/>\n(41) 3354-5125<\/p>\n","protected":false},"excerpt":{"rendered":"<p>RESTAURANTES PR\u00d3XIMOS AO CAMPUS AGR\u00c1RIAS \u2013 UFPR Osteria Donna Lena Endere\u00e7o: R. Recife, 220 \u2013 Cabral. (41) 3022-5392 Restaurante Spich Endere\u00e7o: Av. Munhoz da Rocha, 934 \u2013 Juvev\u00ea. (41) 3018-1501 Apetitoy Endere\u00e7o: R. Recife, 545 \u2013 Cabral. (41) 3250-8132 Mangiare &hellip; <a href=\"https:\/\/prograp.ufpr.br\/fnaes\/sugestoes-de-restaurantes\/\">Continue lendo <span class=\"meta-nav\">&rarr;<\/span><\/a><\/p>\n","protected":false},"author":26,"featured_media":0,"parent":0,"menu_order":0,"comment_status":"closed","ping_status":"closed","template":"","meta":{"ngg_post_thumbnail":0,"footnotes":""},"class_list":["post-81","page","type-page","status-publish","hentry"],"_links":{"self":[{"href":"https:\/\/prograp.ufpr.br\/fnaes\/wp-json\/wp\/v2\/pages\/81","targetHints":{"allow":["GET"]}}],"collection":[{"href":"https:\/\/prograp.ufpr.br\/fnaes\/wp-json\/wp\/v2\/pages"}],"about":[{"href":"https:\/\/prograp.ufpr.br\/fnaes\/wp-json\/wp\/v2\/types\/page"}],"author":[{"embeddable":true,"href":"https:\/\/prograp.ufpr.br\/fnaes\/wp-json\/wp\/v2\/users\/26"}],"replies":[{"embeddable":true,"href":"https:\/\/prograp.ufpr.br\/fnaes\/wp-json\/wp\/v2\/comments?post=81"}],"version-history":[{"count":2,"href":"https:\/\/prograp.ufpr.br\/fnaes\/wp-json\/wp\/v2\/pages\/81\/revisions"}],"predecessor-version":[{"id":100,"href":"https:\/\/prograp.ufpr.br\/fnaes\/wp-json\/wp\/v2\/pages\/81\/revisions\/100"}],"wp:attachment":[{"href":"https:\/\/prograp.ufpr.br\/fnaes\/wp-json\/wp\/v2\/media?parent=81"}],"curies":[{"name":"wp","href":"https:\/\/api.w.org\/{rel}","templated":true}]}}